{"id":90842,"date":"2025-09-12T08:45:35","date_gmt":"2025-09-12T07:45:35","guid":{"rendered":"https:\/\/waynabox.com\/blog\/mapa-del-sitio\/"},"modified":"2025-09-12T08:46:21","modified_gmt":"2025-09-12T07:46:21","slug":"mapa-del-sitio","status":"publish","type":"page","link":"https:\/\/waynabox.com\/blog\/fr\/mapa-del-sitio\/","title":{"rendered":"Mapa del sitio"},"content":{"rendered":"<div class=\"wrap-html-sitemap sp-html-sitemap\"><div class=\"sp-wrap-cpt\"><h2 class=\"sp-cpt-name\">Pages<\/h2><ul class=\"sp-list-posts sp-cpt-hierarchical\"><li class=\"page_item page-item-90842\"><a href=\"https:\/\/waynabox.com\/blog\/fr\/mapa-del-sitio\/\">Mapa del sitio<\/a><\/li><li class=\"page_item page-item-90353\"><a href=\"https:\/\/waynabox.com\/blog\/fr\/\">Blog Fr<\/a><\/li><\/ul><\/div><div class=\"sp-wrap-cpt\"><h2 class=\"sp-cpt-name\">Posts<\/h2><div class=\"sp-wrap-cats\"><div class=\"sp-wrap-cat\"><h3 class=\"sp-cat-name\"><a href=\"https:\/\/waynabox.com\/blog\/fr\/voyage-parfait-fr\/curiosites-de-voyage-fr\/\">Curiosit\u00e9s de voyage<\/a><\/h3><ul class=\"sp-list-posts\"><li><a href=\"https:\/\/waynabox.com\/blog\/fr\/2017\/04\/07\/porto-les-10-incontournables\/\">Porto: les 10 incontournables<\/a> - 7 April 2017<\/li><li><a href=\"https:\/\/waynabox.com\/blog\/fr\/2016\/10\/28\/nos-destinations-les-plus-terrifiantes\/\">Nos destinations les plus terrifiantes&#8230;<\/a> - 28 October 2016<\/li><li><a href=\"https:\/\/waynabox.com\/blog\/fr\/2016\/10\/25\/les-pates-ne-viennent-pas-ditalie-pourquoi-les-italiens-sont-ils-les-rois-des-pates\/\">Si les p\u00e2tes ne viennent pas d\u2019Italie, pourquoi les italiens sont-ils les rois des p\u00e2tes ?<\/a> - 25 October 2016<\/li><li><a href=\"https:\/\/waynabox.com\/blog\/fr\/2016\/09\/12\/5-choses-devez-prendre-compte-de-partir-waynabox\/\">5 choses que vous devez prendre en compte avant de partir avec Waynabox<\/a> - 12 September 2016<\/li><li><a href=\"https:\/\/waynabox.com\/blog\/fr\/2016\/08\/24\/10-choses-surprendront-a-propos-damsterdam\/\">11 choses qui vous surprendront \u00e0 propos d\u2019Amsterdam<\/a> - 24 August 2016<\/li><li><a href=\"https:\/\/waynabox.com\/blog\/fr\/2016\/08\/05\/fontaine-de-biere-slovenie\/\">Une fontaine de bi\u00e8re en Slov\u00e9nie<\/a> - 5 August 2016<\/li><li><a href=\"https:\/\/waynabox.com\/blog\/fr\/2016\/08\/03\/10-choses-surprendront-a-propos-de-geneve\/\">10 choses qui vous surprendront \u00e0 propos de Gen\u00e8ve<\/a> - 3 August 2016<\/li><li><a href=\"https:\/\/waynabox.com\/blog\/fr\/2016\/07\/12\/tour-deurope-petits-dejeuners\/\">Le tour des petits-d\u00e9jeuners \u00e0 deux pas de chez nous<\/a> - 12 July 2016<\/li><li><a href=\"https:\/\/waynabox.com\/blog\/fr\/2016\/07\/07\/10-choses-ignorez-turin\/\">10 choses que vous ignorez sur Turin<\/a> - 7 July 2016<\/li><\/ul><\/div><div class=\"sp-wrap-cat\"><h3 class=\"sp-cat-name\"><a href=\"https:\/\/waynabox.com\/blog\/fr\/waynabox-fr\/experiences-waynabox\/\">Exp\u00e9riences Waynabox<\/a><\/h3><ul class=\"sp-list-posts\"><li><a href=\"https:\/\/waynabox.com\/blog\/fr\/2017\/04\/14\/voyager-solo-6-raisons-pour-tenter-lexperience\/\">Voyager en solo: 6 raisons pour tenter l&#8217;exp\u00e9rience<\/a> - 14 April 2017<\/li><li><a href=\"https:\/\/waynabox.com\/blog\/fr\/2017\/04\/07\/porto-les-10-incontournables\/\">Porto: les 10 incontournables<\/a> - 7 April 2017<\/li><li><a href=\"https:\/\/waynabox.com\/blog\/fr\/2017\/02\/21\/escapade-surprise-vienne-votre-community-manager\/\">L&#8217;exp\u00e9rience Waynabox de votre Community Manager \u00e0 Vienne<\/a> - 21 February 2017<\/li><li><a href=\"https:\/\/waynabox.com\/blog\/fr\/2016\/11\/16\/lexperience-bea-porto\/\">L&#8217;exp\u00e9rience de Bea \u00e0 Porto<\/a> - 16 November 2016<\/li><li><a href=\"https:\/\/waynabox.com\/blog\/fr\/2016\/10\/20\/comment-voyager-avec-waynabox-5-etapes-simples\/\">Comment voyager avec Waynabox en 5 \u00e9tapes simples?<\/a> - 20 October 2016<\/li><li><a href=\"https:\/\/waynabox.com\/blog\/fr\/2016\/10\/19\/waynainpink-waynabox-contre-le-cancer-du-sein\/\">#Waynainpink: Waynabox contre le cancer du sein<\/a> - 19 October 2016<\/li><\/ul><\/div><div class=\"sp-wrap-cat\"><h3 class=\"sp-cat-name\"><a href=\"https:\/\/waynabox.com\/blog\/fr\/travel-tips-fr\/money-tips-fr\/\">Money tips<\/a><\/h3><ul class=\"sp-list-posts\"><li><a href=\"https:\/\/waynabox.com\/blog\/fr\/2016\/08\/31\/8-facons-de-gagner-de-largent-voyageant\/\">8 fa\u00e7ons de gagner de l&#8217;argent en voyageant<\/a> - 31 August 2016<\/li><li><a href=\"https:\/\/waynabox.com\/blog\/fr\/2016\/08\/16\/6-conseils-voyager-cher-cet-ete-economiser-2\/\">6 conseils pour voyager pas cher cet \u00e9t\u00e9 (et \u00e9conomiser !)<\/a> - 16 August 2016<\/li><\/ul><\/div><div class=\"sp-wrap-cat\"><h3 class=\"sp-cat-name\"><a href=\"https:\/\/waynabox.com\/blog\/fr\/waynabox-fr\/newsevents\/\">News&amp;Events<\/a><\/h3><ul class=\"sp-list-posts\"><li><a href=\"https:\/\/waynabox.com\/blog\/fr\/2017\/06\/22\/cet-ete-surprenez-vous-avec-le-vin-gik-et-gagnez-voyage-surprise-waynabox\/\">Cet \u00e9t\u00e9 surprenez-vous avec le vin g\u00efk et&#8230; Gagnez un voyage surprise Waynabox!<\/a> - 22 June 2017<\/li><li><a href=\"https:\/\/waynabox.com\/blog\/fr\/2016\/11\/23\/ce-black-friday-va-nous-rendre-fous\/\">Ce Black Friday va nous rendre fous !<\/a> - 23 November 2016<\/li><\/ul><\/div><div class=\"sp-wrap-cat\"><h3 class=\"sp-cat-name\"><a href=\"https:\/\/waynabox.com\/blog\/fr\/non-classifiee\/\">Non classifi\u00e9(e)<\/a><\/h3><ul class=\"sp-list-posts\"><li><a href=\"https:\/\/waynabox.com\/blog\/fr\/2017\/06\/02\/hygge-cle-bonheur-pays-nordiques\/\">Hygge, cl\u00e9 du bonheur des pays nordiques<\/a> - 2 June 2017<\/li><\/ul><\/div><div class=\"sp-wrap-cat\"><h3 class=\"sp-cat-name\"><a href=\"https:\/\/waynabox.com\/blog\/fr\/voyage-parfait-fr\/plans-immanquables-fr\/\">Plans immanquables<\/a><\/h3><ul class=\"sp-list-posts\"><li><a href=\"https:\/\/waynabox.com\/blog\/fr\/2017\/04\/12\/week-end-authentique-bologne-ou-sortir\/\">Week-end authentique \u00e0 Bologne: o\u00f9 sortir ?<\/a> - 12 April 2017<\/li><li><a href=\"https:\/\/waynabox.com\/blog\/fr\/2017\/04\/09\/edimbourgh-autrement\/\">Edimbourg autrement<\/a> - 9 April 2017<\/li><li><a href=\"https:\/\/waynabox.com\/blog\/fr\/2017\/03\/31\/top-5-des-rooftops-lisbonne\/\">Week-end insolite \u00e0 Lisbonne: notre Top 5 des rooftops<\/a> - 31 March 2017<\/li><li><a href=\"https:\/\/waynabox.com\/blog\/fr\/2016\/10\/12\/uzupis-lincroyable-republique-linterieur-vilnius\/\">Uzupis, l\u2019incroyable r\u00e9publique \u00e0 l\u2019int\u00e9rieur de Vilnius<\/a> - 12 October 2016<\/li><li><a href=\"https:\/\/waynabox.com\/blog\/fr\/2016\/09\/15\/differents-oktoberfest-europe\/\">Les diff\u00e9rents Oktoberfest en Europe<\/a> - 15 September 2016<\/li><li><a href=\"https:\/\/waynabox.com\/blog\/fr\/2016\/07\/29\/escapade-fashion\/\">Escapade Fashion<\/a> - 29 July 2016<\/li><li><a href=\"https:\/\/waynabox.com\/blog\/fr\/2016\/06\/02\/10-choses-a-savoir-copenhague-1\/\">Les 10 choses \u00e0 savoir sur Copenhague<\/a> - 2 June 2016<\/li><\/ul><\/div><div class=\"sp-wrap-cat\"><h3 class=\"sp-cat-name\"><a href=\"https:\/\/waynabox.com\/blog\/fr\/travel-tips-fr\/se-deplacer-fr\/\">Se d\u00e9placer<\/a><\/h3><ul class=\"sp-list-posts\"><li><a href=\"https:\/\/waynabox.com\/blog\/fr\/2017\/03\/24\/6-guides-originaux-pour-voyage-pas-comme-les-autres\/\">6 guides originaux pour un voyage pas comme les autres<\/a> - 24 March 2017<\/li><li><a href=\"https:\/\/waynabox.com\/blog\/fr\/2016\/08\/01\/bruxelles-low-cost-temps-dun-weekend\/\">Bruxelles pas cher, le temps d\u2019un weekend<\/a> - 1 August 2016<\/li><\/ul><\/div><div class=\"sp-wrap-cat\"><h3 class=\"sp-cat-name\"><a href=\"https:\/\/waynabox.com\/blog\/fr\/voyage-parfait-fr\/top-visites-fr\/\">TOP visites<\/a><\/h3><ul class=\"sp-list-posts\"><li><a href=\"https:\/\/waynabox.com\/blog\/fr\/2017\/04\/04\/week-end-a-londres-bons-plans-mode-interview\/\">Week-end \u00e0 Londres : bons plans mode dans la capitale<\/a> - 4 April 2017<\/li><li><a href=\"https:\/\/waynabox.com\/blog\/fr\/2017\/03\/12\/copenhague-alternatif\/\">Copenhague alternatif le temps d&#8217;un week-end!<\/a> - 12 March 2017<\/li><li><a href=\"https:\/\/waynabox.com\/blog\/fr\/2016\/08\/29\/meilleurs-parcs-deurope-addicts-jogging\/\">Les meilleurs parcs d\u2019Europe pour les addicts au jogging<\/a> - 29 August 2016<\/li><li><a href=\"https:\/\/waynabox.com\/blog\/fr\/2016\/08\/18\/plus-beaux-zoos-deurope\/\">Les plus beaux zoos d&#8217;Europe<\/a> - 18 August 2016<\/li><li><a href=\"https:\/\/waynabox.com\/blog\/fr\/2016\/08\/11\/destination-vins-europe\/\">Les destinations vins en Europe<\/a> - 11 August 2016<\/li><li><a href=\"https:\/\/waynabox.com\/blog\/fr\/2016\/08\/08\/meilleurs-cinemas-plein-air-deurope\/\">Les meilleurs cin\u00e9mas en plein air d&#8217;Europe<\/a> - 8 August 2016<\/li><li><a href=\"https:\/\/waynabox.com\/blog\/fr\/2016\/08\/07\/top-10-plus-belles-places-deurope\/\">Top 10 des plus belles places d\u2019Europe<\/a> - 7 August 2016<\/li><\/ul><\/div><div class=\"sp-wrap-cat\"><h3 class=\"sp-cat-name\"><a href=\"https:\/\/waynabox.com\/blog\/fr\/travel-tips-fr\/\">Travel Tips<\/a><\/h3><ul class=\"sp-list-posts\"><li><a href=\"https:\/\/waynabox.com\/blog\/fr\/2017\/05\/19\/mais-ou-trouver-les-bons-plans\/\">Mais o\u00f9 trouver les bons plans\u00a0?<\/a> - 19 May 2017<\/li><li><a href=\"https:\/\/waynabox.com\/blog\/fr\/2017\/05\/08\/street-food-notre-selection-europeenne\/\">Street food, notre s\u00e9lection europ\u00e9enne !<\/a> - 8 May 2017<\/li><li><a href=\"https:\/\/waynabox.com\/blog\/fr\/2017\/03\/24\/6-guides-originaux-pour-voyage-pas-comme-les-autres\/\">6 guides originaux pour un voyage pas comme les autres<\/a> - 24 March 2017<\/li><li><a href=\"https:\/\/waynabox.com\/blog\/fr\/2017\/03\/21\/5-erreurs-ne-pas-commettre-rome\/\">5 erreurs \u00e0 ne pas commettre \u00e0 Rome<\/a> - 21 March 2017<\/li><li><a href=\"https:\/\/waynabox.com\/blog\/fr\/2017\/03\/18\/dans-la-valise-5-objets-pour-un-voyage-reussi\/\">Dans la valise : 5 objets pour un voyage r\u00e9ussi<\/a> - 18 March 2017<\/li><li><a href=\"https:\/\/waynabox.com\/blog\/fr\/2016\/11\/29\/quelle-documentation-ai-je-besoin-pour-voyager-avec-waynabox\/\">De quelle documentation ai-je besoin pour voyager avec Waynabox ?<\/a> - 29 November 2016<\/li><li><a href=\"https:\/\/waynabox.com\/blog\/fr\/2016\/11\/07\/peut-on-voyager-avec-des-enfants-avec-waynabox\/\">Peut &#8211; on voyager avec des enfants avec Waynabox?<\/a> - 7 November 2016<\/li><li><a href=\"https:\/\/waynabox.com\/blog\/fr\/2016\/09\/29\/lieux-a-visiter-vie\/\">Les lieux \u00e0 visiter (au moins) une fois dans sa vie<\/a> - 29 September 2016<\/li><li><a href=\"https:\/\/waynabox.com\/blog\/fr\/2016\/09\/26\/betises-faisons-lorsque-partons-voyage\/\">Les b\u00eatises que nous faisons lorsque nous partons en voyage<\/a> - 26 September 2016<\/li><li><a href=\"https:\/\/waynabox.com\/blog\/fr\/2016\/09\/21\/signes-montrent-etes-ne-voyager\/\">Les signes qui montrent que vous \u00eates n\u00e9 pour voyager<\/a> - 21 September 2016<\/li><li><a href=\"https:\/\/waynabox.com\/blog\/fr\/2016\/09\/13\/voyages-a-faire-30-ans\/\">Voyages \u00e0 faire avant ses 30 ans<\/a> - 13 September 2016<\/li><li><a href=\"https:\/\/waynabox.com\/blog\/fr\/2016\/09\/01\/surmonter-syndrome-post-vacances\/\">Surmonter le syndrome post-vacances<\/a> - 1 September 2016<\/li><li><a href=\"https:\/\/waynabox.com\/blog\/fr\/2016\/08\/31\/8-facons-de-gagner-de-largent-voyageant\/\">8 fa\u00e7ons de gagner de l&#8217;argent en voyageant<\/a> - 31 August 2016<\/li><li><a href=\"https:\/\/waynabox.com\/blog\/fr\/2016\/08\/16\/6-conseils-voyager-cher-cet-ete-economiser-2\/\">6 conseils pour voyager pas cher cet \u00e9t\u00e9 (et \u00e9conomiser !)<\/a> - 16 August 2016<\/li><li><a href=\"https:\/\/waynabox.com\/blog\/fr\/2016\/08\/01\/bruxelles-low-cost-temps-dun-weekend\/\">Bruxelles pas cher, le temps d\u2019un weekend<\/a> - 1 August 2016<\/li><li><a href=\"https:\/\/waynabox.com\/blog\/fr\/2016\/07\/29\/5-conseils-choisir-compagnon-de-voyage\/\">5 conseils pour choisir un bon compagnon de voyage<\/a> - 29 July 2016<\/li><li><a href=\"https:\/\/waynabox.com\/blog\/fr\/2016\/06\/30\/brexit-voyager-royaume-uni-affectera-t-voyageurs\/\">Le Brexit et voyager au Royaume-Uni: Comment cela affectera-t-il les voyageurs?<\/a> - 30 June 2016<\/li><li><a href=\"https:\/\/waynabox.com\/blog\/fr\/2016\/06\/01\/10-choses-a-visiter-a-budapest\/\">Les 10 raisons de visiter Budapest<\/a> - 1 June 2016<\/li><li><a href=\"https:\/\/waynabox.com\/blog\/fr\/2016\/06\/01\/villes-cheres-voyager\/\">Les villes les moins ch\u00e8res pour voyager<\/a> - 1 June 2016<\/li><\/ul><\/div><div class=\"sp-wrap-cat\"><h3 class=\"sp-cat-name\"><a href=\"https:\/\/waynabox.com\/blog\/fr\/voyage-parfait-fr\/\">Voyage parfait<\/a><\/h3><ul class=\"sp-list-posts\"><li><a href=\"https:\/\/waynabox.com\/blog\/fr\/2017\/05\/26\/berlin-coulisses-graffitis\/\">Dans les coulisses des graffitis de Berlin avec Louis Bottero<\/a> - 26 May 2017<\/li><li><a href=\"https:\/\/waynabox.com\/blog\/fr\/2017\/05\/24\/quel-voyageur-etes-vous\/\">Quel voyageur \u00eates-vous ?<\/a> - 24 May 2017<\/li><li><a href=\"https:\/\/waynabox.com\/blog\/fr\/2017\/05\/03\/parcs-urbains-europe\/\">Parcs et jardins urbains : une vir\u00e9e dans les plus beaux d&#8217;Europe<\/a> - 3 May 2017<\/li><li><a href=\"https:\/\/waynabox.com\/blog\/fr\/2017\/04\/12\/week-end-authentique-bologne-ou-sortir\/\">Week-end authentique \u00e0 Bologne: o\u00f9 sortir ?<\/a> - 12 April 2017<\/li><li><a href=\"https:\/\/waynabox.com\/blog\/fr\/2017\/04\/09\/edimbourgh-autrement\/\">Edimbourg autrement<\/a> - 9 April 2017<\/li><li><a href=\"https:\/\/waynabox.com\/blog\/fr\/2017\/04\/07\/porto-les-10-incontournables\/\">Porto: les 10 incontournables<\/a> - 7 April 2017<\/li><li><a href=\"https:\/\/waynabox.com\/blog\/fr\/2017\/04\/04\/week-end-a-londres-bons-plans-mode-interview\/\">Week-end \u00e0 Londres : bons plans mode dans la capitale<\/a> - 4 April 2017<\/li><li><a href=\"https:\/\/waynabox.com\/blog\/fr\/2017\/03\/31\/top-5-des-rooftops-lisbonne\/\">Week-end insolite \u00e0 Lisbonne: notre Top 5 des rooftops<\/a> - 31 March 2017<\/li><li><a href=\"https:\/\/waynabox.com\/blog\/fr\/2017\/03\/18\/dans-la-valise-5-objets-pour-un-voyage-reussi\/\">Dans la valise : 5 objets pour un voyage r\u00e9ussi<\/a> - 18 March 2017<\/li><li><a href=\"https:\/\/waynabox.com\/blog\/fr\/2017\/03\/15\/week-end-a-hambourg-cest-encore-mieux-entre-potes\/\">Week-end \u00e0 Hambourg, c\u2019est encore mieux entre potes!<\/a> - 15 March 2017<\/li><li><a href=\"https:\/\/waynabox.com\/blog\/fr\/2017\/03\/12\/copenhague-alternatif\/\">Copenhague alternatif le temps d&#8217;un week-end!<\/a> - 12 March 2017<\/li><li><a href=\"https:\/\/waynabox.com\/blog\/fr\/2017\/03\/09\/prolongez-lhiver-budapest-et-profitez-des-thermes\/\">Prolongez l\u2019hiver \u00e0 Budapest et profitez des thermes<\/a> - 9 March 2017<\/li><li><a href=\"https:\/\/waynabox.com\/blog\/fr\/2016\/11\/15\/les-10-tartes-les-plus-connues-du-monde\/\">Les 10 tartes les plus connues du monde<\/a> - 15 November 2016<\/li><li><a href=\"https:\/\/waynabox.com\/blog\/fr\/2016\/11\/09\/destinations-ou-pouvez-vous-partir-avec-waynabox\/\">Destinations: o\u00f9 pouvez-vous partir avec Waynabox ?<\/a> - 9 November 2016<\/li><li><a href=\"https:\/\/waynabox.com\/blog\/fr\/2016\/11\/03\/pouvons-nous-prendre-dans-notre-bagage-main\/\">Que pouvons-nous prendre dans notre bagage \u00e0 main ?<\/a> - 3 November 2016<\/li><li><a href=\"https:\/\/waynabox.com\/blog\/fr\/2016\/10\/28\/nos-destinations-les-plus-terrifiantes\/\">Nos destinations les plus terrifiantes&#8230;<\/a> - 28 October 2016<\/li><li><a href=\"https:\/\/waynabox.com\/blog\/fr\/2016\/10\/25\/les-pates-ne-viennent-pas-ditalie-pourquoi-les-italiens-sont-ils-les-rois-des-pates\/\">Si les p\u00e2tes ne viennent pas d\u2019Italie, pourquoi les italiens sont-ils les rois des p\u00e2tes ?<\/a> - 25 October 2016<\/li><li><a href=\"https:\/\/waynabox.com\/blog\/fr\/2016\/10\/18\/comment-rendre-voyage-avion-plus-agreable\/\">Comment rendre un voyage en avion plus agr\u00e9able?<\/a> - 18 October 2016<\/li><li><a href=\"https:\/\/waynabox.com\/blog\/fr\/2016\/10\/13\/comment-savoir-vous-avez-authentique-esprit-wanderlust\/\">Comment savoir si vous avez un authentique esprit wanderlust?<\/a> - 13 October 2016<\/li><li><a href=\"https:\/\/waynabox.com\/blog\/fr\/2016\/10\/12\/uzupis-lincroyable-republique-linterieur-vilnius\/\">Uzupis, l\u2019incroyable r\u00e9publique \u00e0 l\u2019int\u00e9rieur de Vilnius<\/a> - 12 October 2016<\/li><li><a href=\"https:\/\/waynabox.com\/blog\/fr\/2016\/10\/11\/quelle-heure-partent-les-vols-waynabox\/\">A quelle heure partent les vols Waynabox?<\/a> - 11 October 2016<\/li><li><a href=\"https:\/\/waynabox.com\/blog\/fr\/2016\/10\/05\/007-destinations-suivre-trace-de-james-bond\/\">007 destinations pour suivre la trace de James Bond<\/a> - 5 October 2016<\/li><li><a href=\"https:\/\/waynabox.com\/blog\/fr\/2016\/09\/15\/differents-oktoberfest-europe\/\">Les diff\u00e9rents Oktoberfest en Europe<\/a> - 15 September 2016<\/li><li><a href=\"https:\/\/waynabox.com\/blog\/fr\/2016\/09\/14\/hey-les-copines\/\">Les raisons de voyager entre copines<\/a> - 14 September 2016<\/li><li><a href=\"https:\/\/waynabox.com\/blog\/fr\/2016\/09\/12\/5-choses-devez-prendre-compte-de-partir-waynabox\/\">5 choses que vous devez prendre en compte avant de partir avec Waynabox<\/a> - 12 September 2016<\/li><li><a href=\"https:\/\/waynabox.com\/blog\/fr\/2016\/09\/07\/comment-sont-les-hotels-waynabox\/\">Comment sont les h\u00f4tels Waynabox?<\/a> - 7 September 2016<\/li><li><a href=\"https:\/\/waynabox.com\/blog\/fr\/2016\/09\/05\/10-raisons-de-partir-escapade-waynabox\/\">Les raisons de partir en escapade avec Waynabox<\/a> - 5 September 2016<\/li><li><a href=\"https:\/\/waynabox.com\/blog\/fr\/2016\/08\/29\/meilleurs-parcs-deurope-addicts-jogging\/\">Les meilleurs parcs d\u2019Europe pour les addicts au jogging<\/a> - 29 August 2016<\/li><li><a href=\"https:\/\/waynabox.com\/blog\/fr\/2016\/08\/24\/10-choses-surprendront-a-propos-damsterdam\/\">11 choses qui vous surprendront \u00e0 propos d\u2019Amsterdam<\/a> - 24 August 2016<\/li><li><a href=\"https:\/\/waynabox.com\/blog\/fr\/2016\/08\/18\/plus-beaux-zoos-deurope\/\">Les plus beaux zoos d&#8217;Europe<\/a> - 18 August 2016<\/li><li><a href=\"https:\/\/waynabox.com\/blog\/fr\/2016\/08\/11\/destination-vins-europe\/\">Les destinations vins en Europe<\/a> - 11 August 2016<\/li><li><a href=\"https:\/\/waynabox.com\/blog\/fr\/2016\/08\/09\/destinations-week-end-amoureux\/\">Les destinations pour un week-end en amoureux<\/a> - 9 August 2016<\/li><li><a href=\"https:\/\/waynabox.com\/blog\/fr\/2016\/08\/08\/meilleurs-cinemas-plein-air-deurope\/\">Les meilleurs cin\u00e9mas en plein air d&#8217;Europe<\/a> - 8 August 2016<\/li><li><a href=\"https:\/\/waynabox.com\/blog\/fr\/2016\/08\/07\/top-10-plus-belles-places-deurope\/\">Top 10 des plus belles places d\u2019Europe<\/a> - 7 August 2016<\/li><li><a href=\"https:\/\/waynabox.com\/blog\/fr\/2016\/08\/05\/fontaine-de-biere-slovenie\/\">Une fontaine de bi\u00e8re en Slov\u00e9nie<\/a> - 5 August 2016<\/li><li><a href=\"https:\/\/waynabox.com\/blog\/fr\/2016\/08\/03\/10-choses-surprendront-a-propos-de-geneve\/\">10 choses qui vous surprendront \u00e0 propos de Gen\u00e8ve<\/a> - 3 August 2016<\/li><li><a href=\"https:\/\/waynabox.com\/blog\/fr\/2016\/07\/29\/5-conseils-choisir-compagnon-de-voyage\/\">5 conseils pour choisir un bon compagnon de voyage<\/a> - 29 July 2016<\/li><li><a href=\"https:\/\/waynabox.com\/blog\/fr\/2016\/07\/29\/escapade-fashion\/\">Escapade Fashion<\/a> - 29 July 2016<\/li><li><a href=\"https:\/\/waynabox.com\/blog\/fr\/2016\/07\/27\/5-meilleures-caves-gouter-vin-de-porto\/\">Les 5 meilleures caves pour go\u00fbter du vin de Porto<\/a> - 27 July 2016<\/li><li><a href=\"https:\/\/waynabox.com\/blog\/fr\/2016\/07\/22\/top-10-plus-rooftops-europe\/\">Top 5 des plus beaux rooftops d&#8217;Europe<\/a> - 22 July 2016<\/li><li><a href=\"https:\/\/waynabox.com\/blog\/fr\/2016\/07\/12\/tour-deurope-petits-dejeuners\/\">Le tour des petits-d\u00e9jeuners \u00e0 deux pas de chez nous<\/a> - 12 July 2016<\/li><li><a href=\"https:\/\/waynabox.com\/blog\/fr\/2016\/07\/07\/10-choses-ignorez-turin\/\">10 choses que vous ignorez sur Turin<\/a> - 7 July 2016<\/li><li><a href=\"https:\/\/waynabox.com\/blog\/fr\/2016\/07\/05\/5-meilleures-destinations-feter-bac-2\/\">Les 5 meilleures destinations pour f\u00eater son Bac!<\/a> - 5 July 2016<\/li><li><a href=\"https:\/\/waynabox.com\/blog\/fr\/2016\/06\/02\/10-choses-a-savoir-copenhague-1\/\">Les 10 choses \u00e0 savoir sur Copenhague<\/a> - 2 June 2016<\/li><\/ul><\/div><div class=\"sp-wrap-cat\"><h3 class=\"sp-cat-name\"><a href=\"https:\/\/waynabox.com\/blog\/fr\/waynabox-fr\/\">Waynabox<\/a><\/h3><ul class=\"sp-list-posts\"><li><a href=\"https:\/\/waynabox.com\/blog\/fr\/2017\/06\/22\/cet-ete-surprenez-vous-avec-le-vin-gik-et-gagnez-voyage-surprise-waynabox\/\">Cet \u00e9t\u00e9 surprenez-vous avec le vin g\u00efk et&#8230; Gagnez un voyage surprise Waynabox!<\/a> - 22 June 2017<\/li><li><a href=\"https:\/\/waynabox.com\/blog\/fr\/2017\/04\/14\/voyager-solo-6-raisons-pour-tenter-lexperience\/\">Voyager en solo: 6 raisons pour tenter l&#8217;exp\u00e9rience<\/a> - 14 April 2017<\/li><li><a href=\"https:\/\/waynabox.com\/blog\/fr\/2017\/04\/07\/porto-les-10-incontournables\/\">Porto: les 10 incontournables<\/a> - 7 April 2017<\/li><li><a href=\"https:\/\/waynabox.com\/blog\/fr\/2017\/02\/21\/escapade-surprise-vienne-votre-community-manager\/\">L&#8217;exp\u00e9rience Waynabox de votre Community Manager \u00e0 Vienne<\/a> - 21 February 2017<\/li><li><a href=\"https:\/\/waynabox.com\/blog\/fr\/2016\/11\/23\/ce-black-friday-va-nous-rendre-fous\/\">Ce Black Friday va nous rendre fous !<\/a> - 23 November 2016<\/li><li><a href=\"https:\/\/waynabox.com\/blog\/fr\/2016\/11\/16\/lexperience-bea-porto\/\">L&#8217;exp\u00e9rience de Bea \u00e0 Porto<\/a> - 16 November 2016<\/li><li><a href=\"https:\/\/waynabox.com\/blog\/fr\/2016\/10\/20\/comment-voyager-avec-waynabox-5-etapes-simples\/\">Comment voyager avec Waynabox en 5 \u00e9tapes simples?<\/a> - 20 October 2016<\/li><li><a href=\"https:\/\/waynabox.com\/blog\/fr\/2016\/10\/19\/waynainpink-waynabox-contre-le-cancer-du-sein\/\">#Waynainpink: Waynabox contre le cancer du sein<\/a> - 19 October 2016<\/li><li><a href=\"https:\/\/waynabox.com\/blog\/fr\/2016\/09\/23\/10-choses-ne-connaissez-waynabox\/\">Les 10 choses que vous ne connaissez pas sur Waynabox<\/a> - 23 September 2016<\/li><li><a href=\"https:\/\/waynabox.com\/blog\/fr\/2016\/07\/31\/waynabox-atterrit-bientot-france\/\">Waynabox atterrit bient\u00f4t en France!<\/a> - 31 July 2016<\/li><\/ul><\/div><div class=\"sp-wrap-cat\"><h3 class=\"sp-cat-name\"><a href=\"https:\/\/waynabox.com\/blog\/fr\/waynabox-fr\/waynateam-fr\/\">WaynaTeam<\/a><\/h3><ul class=\"sp-list-posts\"><li><a href=\"https:\/\/waynabox.com\/blog\/fr\/2016\/09\/23\/10-choses-ne-connaissez-waynabox\/\">Les 10 choses que vous ne connaissez pas sur Waynabox<\/a> - 23 September 2016<\/li><\/ul><\/div><\/div><\/div><\/div>\n","protected":false},"excerpt":{"rendered":"","protected":false},"author":23,"featured_media":0,"parent":0,"menu_order":0,"comment_status":"closed","ping_status":"closed","template":"","meta":{"_seopress_robots_primary_cat":"","_seopress_titles_title":"","_seopress_titles_desc":"","_seopress_robots_index":"","footnotes":""},"class_list":["post-90842","page","type-page","status-publish","hentry"],"_links":{"self":[{"href":"https:\/\/waynabox.com\/blog\/fr\/wp-json\/wp\/v2\/pages\/90842","targetHints":{"allow":["GET"]}}],"collection":[{"href":"https:\/\/waynabox.com\/blog\/fr\/wp-json\/wp\/v2\/pages"}],"about":[{"href":"https:\/\/waynabox.com\/blog\/fr\/wp-json\/wp\/v2\/types\/page"}],"author":[{"embeddable":true,"href":"https:\/\/waynabox.com\/blog\/fr\/wp-json\/wp\/v2\/users\/23"}],"replies":[{"embeddable":true,"href":"https:\/\/waynabox.com\/blog\/fr\/wp-json\/wp\/v2\/comments?post=90842"}],"version-history":[{"count":1,"href":"https:\/\/waynabox.com\/blog\/fr\/wp-json\/wp\/v2\/pages\/90842\/revisions"}],"predecessor-version":[{"id":90846,"href":"https:\/\/waynabox.com\/blog\/fr\/wp-json\/wp\/v2\/pages\/90842\/revisions\/90846"}],"wp:attachment":[{"href":"https:\/\/waynabox.com\/blog\/fr\/wp-json\/wp\/v2\/media?parent=90842"}],"curies":[{"name":"wp","href":"https:\/\/api.w.org\/{rel}","templated":true}]}}