{"id":87391,"date":"2020-03-02T15:31:30","date_gmt":"2020-03-02T14:31:30","guid":{"rendered":"http:\/\/waynabox.com\/?page_id=87391"},"modified":"2020-03-02T16:42:44","modified_gmt":"2020-03-02T15:42:44","slug":"regolamento","status":"publish","type":"page","link":"https:\/\/waynabox.com\/blog\/it\/regolamento\/","title":{"rendered":"regolamento"},"content":{"rendered":"<h2><b>Regolamento Quiz Waynabox<\/b><\/h2>\n<p><span style=\"font-weight: 400;\">Questo concorso non \u00e8 in nessun modo promosso o amministrato per, o in collaborazione con Facebook o Instagram.<\/span><\/p>\n<ol>\n<li><b> Organizzazione: <\/b><span style=\"font-weight: 400;\">l\u2019azienda organizzatrice di questa attivit\u00e0 promozionale \u00e8 WAYNA AERO SL, con CIF: B-98649247 e sede in pla\u00e7a Reial 18, Barcellona 08002.<\/span><\/li>\n<li><b> Durata del concorso:<\/b><span style=\"font-weight: 400;\"> il quiz inizier\u00e0 in data 02\/03\/2020 fino al 09\/03\/2020 fino alle 23:59.<\/span><\/li>\n<li><b> Partecipazione:<\/b><span style=\"font-weight: 400;\"> la partecipazione si realizzer\u00e0 attraverso i canali social di Instagram.<\/span><\/li>\n<\/ol>\n<p><span style=\"font-weight: 400;\">Per aderire gli utenti dovranno partecipare al quiz creato attraverso la piattaforma Typeform\u00a0 completando il quiz rispondendo alle 10 domande, inserendo un contatto e ottenere un risultato.<\/span><\/p>\n<p><span style=\"font-weight: 400;\">Il presente concorso \u00e8 valido in tutti i mercati in cui opera Waynabox (Spagna, Portogallo, Italia e Francia).<\/span><\/p>\n<p><span style=\"font-weight: 400;\">Possono partecipare al quiz solo le persone maggiorenni. Non potranno partecipare n\u00e9 gli impiegati di Waynabox n\u00e9 gli impiegati, inclusi i familiari diretti.<\/span><\/p>\n<ol start=\"3\">\n<li><b> Funzionamento del contest<\/b><span style=\"font-weight: 400;\">: il concorso sar\u00e0 promosso attraverso i canali social ufficiali e avr\u00e0 una durata di 4 giorni.<\/span><\/li>\n<\/ol>\n<p><span style=\"font-weight: 400;\">I partecipanti al quiz dovranno:<\/span><\/p>\n<ul>\n<li style=\"font-weight: 400;\"><span style=\"font-weight: 400;\">Raccontare un aneddoto di viaggio<\/span><\/li>\n<li style=\"font-weight: 400;\"><span style=\"font-weight: 400;\">Inserire un indirizzo email al quale possono essere contattati per riscattare il voucher e seguire la pagina IG di Waynabox.<\/span><\/li>\n<\/ul>\n<p><span style=\"font-weight: 400;\">Il vincitore del quiz sar\u00e0 tra tutti i partecipanti che raggiunto il maggior punteggio.<\/span><\/p>\n<ol start=\"4\">\n<li><b> Premi:<\/b><span style=\"font-weight: 400;\"> il premio consiste in un voucher Waynabox del valore di 100\u20ac che pu\u00f2 essere speso per un viaggio a sorpresa con partenza dagli aeroporti di Milano, Bologna o Roma.<\/span><\/li>\n<\/ol>\n<p><span style=\"font-weight: 400;\">Il voucher viaggio Waynabox \u00e8 valido per 3 mese dalla data di invio per le date disponibili su <\/span><a href=\"\/\/waynabox.com\/it\"><span style=\"font-weight: 400;\">\/\/waynabox.com\/it<\/span><\/a><\/p>\n<p><span style=\"font-weight: 400;\">\u00c8 un premio personale e non trasferibile. Una volta utilizzato, non sar\u00e0 possibile modificare le date della vacanza.<\/span><\/p>\n<p><span style=\"font-weight: 400;\">Chi non \u00e8 stato estratto come vincitore ricever\u00e0 un codice sconto Waynabox del valore di 25\u20ac da utilizzare entro un mese dal momento della ricezione del codice promo.<\/span><\/p>\n<ol start=\"5\">\n<li><b> Vincitore:<\/b><span style=\"font-weight: 400;\"> Il vincitore sar\u00e0 selezionato a discrezione dal team interno individuando l&#8217;anedotto di viaggio pi\u00f9 originale.<\/span><\/li>\n<li><b> Pubblicazione del vincitore:<\/b><span style=\"font-weight: 400;\"> la comunicazione vincitore avverr\u00e0 luned\u00ec 09\/03\/2020 tramite e-mail e il canale Instagram e successivamente condiviso, previo consenso del vincitore. In secondo luogo, Waynabox invier\u00e0 il premio in palio una volta ricevuta conferma della ricezione via e-mail del vincitore.<\/span><\/li>\n<\/ol>\n<p><span style=\"font-weight: 400;\">Chi ha partecipato al concorso e risulta non vincitore ricever\u00e0 un codice sconto di\u00a0 25\u20ac su un viaggio a sorpresa in Europa da utilizzare entro 30 giorni.<\/span><\/p>\n<ol start=\"7\">\n<li><b> Consegna del premio: <\/b><span style=\"font-weight: 400;\">Una volta consegnato il voucher viaggio al vincitore, colui o colei potr\u00e0 scegliere le date in cui viaggiare per i pacchetti vacanze disponibili in Italia secondo gli aeroporti di partenza di Roma, Bologna, Milano, Torino e Napoli.<\/span><\/li>\n<\/ol>\n<p><span style=\"font-weight: 400;\">Il voucher viaggio dovr\u00e0 essere riscattato alla seguente pagina <\/span><a href=\"\/\/waynabox.com\/it\/riscattare\"><span style=\"font-weight: 400;\">\/\/waynabox.com\/it\/riscattare<\/span><\/a><span style=\"font-weight: 400;\"> per usfruire dello sconto di 100\u20ac sull\u2019importo totale del viaggio.<\/span><\/p>\n<p><span style=\"font-weight: 400;\">Se il vincitore non risponde alla richiesta di contatto confermando la volont\u00e0 di ricevere il premio entro sette giorni dalla data di pubblicazione, colui o colei cadranno dal diritto di ricevere il voucher viaggio.<\/span><\/p>\n<p><span style=\"font-weight: 400;\">Una volta che il vincitore abbia deciso il periodo in cui viaggiare, potr\u00e0 scegliere le date disponibili nella pagina web di Waynabox. Il vincitore potr\u00e0 scegliere come partenze gli aeroporto di Roma, Bologna, Torino, Napoli e Milano e si incaricher\u00e0 Waynabox di gestire la prenotazione.<\/span><\/p>\n<p><span style=\"font-weight: 400;\">Il vincitore pu\u00f2 rinunciare al premio e in nessun caso pu\u00f2 riscattarlo per un altro premio affine o per un importo nella valuta corrente.<\/span><\/p>\n<ol start=\"8\">\n<li><b> Trattamento dei dati personali:<\/b><span style=\"font-weight: 400;\"> in conformit\u00e0 con la legge Protecci\u00f3n de Datos de Car\u00e1cter Personal y el Real Decreto (EU) 2016\/679 (GDPR), si informa i partecipanti alla promozione, che i dati forniti dai partecipanti potranno essere archiviati da parte di Waynabox. Tali informazioni potranno essere utilizzate identificarli come utenti di Waynabox, sia come destinatari di azioni commerciali (attraverso telefono, SMS, newsletter o qualsiasi mezzo telematico), di carattere generale o adattata alle caratteristiche personali. I partecipanti potranno in qualsiasi momento esercitare in modo gratuito i diritti di negazione, accesso, modifica e cancellazione dei suoi dati.<\/span><\/li>\n<\/ol>\n<p><span style=\"font-weight: 400;\">La semplice partecipazione al concorso implica l\u2019accettazione della presente base legale, in caso di mancata volont\u00e0 di accettare in totalit\u00e0 o in parte la suddetta base, ci\u00f2 implicher\u00e0 l\u2019esclusione del partecipante e come conseguenza di questo atto, Waynabox non avr\u00e0 l\u2019obbligo di includere il suddetto partecipante per l\u2019estrazione del premio.<\/span><\/p>\n<p><span style=\"font-weight: 400;\">L\u2019azienda non \u00e8 responsabile se per cause terze o di forza maggiore la promozione non potr\u00e0 concludersi nei termini stabiliti precedentemente.<\/span><\/p>\n<ol start=\"9\">\n<li><b> Legislazione applicabile:<\/b><span style=\"font-weight: 400;\"> nella misura della presente base legate, questo concorso \u00e8 sottoposto alla normativa spagnola applicabile con validit\u00e0 in altri paesi aderenti alla normativa dell\u2019Unione Europa. I partecipanti accettano, attraverso la partecipazione al contest che i nomi saranno pubblicati sui dispositivi potranno essere pubblicati e condivisi con la rete di utenti senza che infrangere la privacy del suddetto soggetto. Di conseguenza, la partecipazione all\u2019evento suppone l\u2019accettazione delle norme stabiliti dalla piattaforma in cui si sviluppa il concorso.<\/span><\/li>\n<li><b> Accettazione delle condizioni<\/b><span style=\"font-weight: 400;\">: la partecipazione alla seguente promozione implica la totale adesione alla presente base legale, inclusi i criteri stabiliti da Waynabox.<\/span><\/li>\n<li><b> Riserve e limitazioni:<\/b><span style=\"font-weight: 400;\"> Waynabox e si riservano il diritto a effettuare eventuali modifiche necessarie per il buon conseguimento del concorso in caso di giusta causa o motivi di forza maggiore che impediscono di portarla termina nella forma che stabilisce la presente base legale. Waynabox e si riservano il diritto a rinviare o allungare il periodo del concorso, allo stesso modo la facolt\u00e0 di interpretare la presente base legale.<\/span><\/li>\n<li><b> Diritto di eliminare le partecipazioni fraudolente<\/b><span style=\"font-weight: 400;\">. In ogni caso, se Waynabox rileva che il Partecipante o il vincitore ha commesso frodi o disonest\u00e0 nella partecipazione, Waynabox si riserva il diritto di escludere il Partecipante e\/o il vincitore o di non consegnare il premio eventualmente corrispondente. Pertanto, Waynabox si riserva il diritto di cancellare dal registro qualsiasi Partecipante e\/o vincitore sospettato di irregolarit\u00e0, senza che sia necessaria alcuna notifica allo stesso. Waynabox pretende che tutti i partecipanti partecipino a parit\u00e0 di condizioni a ciascuna delle promozioni e nel rigoroso rispetto delle regole di buona fede.<\/span><\/li>\n<\/ol>\n<p><span style=\"font-weight: 400;\">Waynabox e si riservano il diritto di risolvere eventuali controversie secondo propria interpretazione negli aspetti non trattati in questa base legale.<\/span><\/p>\n<ol start=\"12\">\n<li><b> Altre forme di utilizzo:<\/b><span style=\"font-weight: 400;\"> Non si ammettono commenti offensivi, insulti, minacce, linguaggio non consono, contenuto degradante o esplicitamente negativo verso i membri della comunit\u00e0, i prodotti, servizi, brand o personale impiegato.<\/span><\/li>\n<\/ol>\n","protected":false},"excerpt":{"rendered":"<p>Regolamento Quiz Waynabox Questo concorso non \u00e8 in nessun modo promosso o amministrato per, o in collaborazione con Facebook o Instagram. Organizzazione: l\u2019azienda organizzatrice di questa attivit\u00e0 promozionale \u00e8 WAYNA AERO SL, con CIF: B-98649247 e sede in pla\u00e7a Reial 18, Barcellona 08002. Durata del concorso: il quiz inizier\u00e0 in data 02\/03\/2020 fino al 09\/03\/2020 [&hellip;]<\/p>\n","protected":false},"author":20,"featured_media":0,"parent":0,"menu_order":0,"comment_status":"closed","ping_status":"closed","template":"","meta":{"_seopress_robots_primary_cat":"","_seopress_titles_title":"","_seopress_titles_desc":"","_seopress_robots_index":"yes","footnotes":""},"class_list":["post-87391","page","type-page","status-publish","hentry"],"_links":{"self":[{"href":"https:\/\/waynabox.com\/blog\/it\/wp-json\/wp\/v2\/pages\/87391","targetHints":{"allow":["GET"]}}],"collection":[{"href":"https:\/\/waynabox.com\/blog\/it\/wp-json\/wp\/v2\/pages"}],"about":[{"href":"https:\/\/waynabox.com\/blog\/it\/wp-json\/wp\/v2\/types\/page"}],"author":[{"embeddable":true,"href":"https:\/\/waynabox.com\/blog\/it\/wp-json\/wp\/v2\/users\/20"}],"replies":[{"embeddable":true,"href":"https:\/\/waynabox.com\/blog\/it\/wp-json\/wp\/v2\/comments?post=87391"}],"version-history":[{"count":5,"href":"https:\/\/waynabox.com\/blog\/it\/wp-json\/wp\/v2\/pages\/87391\/revisions"}],"predecessor-version":[{"id":87961,"href":"https:\/\/waynabox.com\/blog\/it\/wp-json\/wp\/v2\/pages\/87391\/revisions\/87961"}],"wp:attachment":[{"href":"https:\/\/waynabox.com\/blog\/it\/wp-json\/wp\/v2\/media?parent=87391"}],"curies":[{"name":"wp","href":"https:\/\/api.w.org\/{rel}","templated":true}]}}