{"id":87987,"date":"2020-03-04T10:59:25","date_gmt":"2020-03-04T09:59:25","guid":{"rendered":"http:\/\/waynabox.com\/?page_id=87987"},"modified":"2020-03-11T11:42:08","modified_gmt":"2020-03-11T10:42:08","slug":"rimborso-viaggio-emergenza-sanitaria","status":"publish","type":"page","link":"https:\/\/waynabox.com\/blog\/it\/rimborso-viaggio-emergenza-sanitaria\/","title":{"rendered":"Rimborso viaggio emergenza sanitaria"},"content":{"rendered":"<h2>Politica Waynabox inerente all&#8217;emergenza sanitaria Covid-19<\/h2>\n<p>Waynabox si impegna a mantenere come priorit\u00e0 la sicurezza dei propri clienti. Di conseguenza, dalla fine di Febbraio Waynabox ha interrotto la prenotazione di viaggi sul territorio italiano. I clienti che hanno effettuato una prenotazione il giorno antecedente al 21 febbraio \u00e8 offerta la possibilit\u00e0 di ricevere un voucher di pari importo per usufruire in futuro del prodotto acquistato. In tal caso, consigliamo di mettersi in contatto con l&#8217;attenzione al clienti Waynabox e richiedere il voucher da ricevere in formato digitale.<\/p>\n<p>Inoltre, a seguito del continuo aggiornamento del Decreto DPCM 08\/03\/2020, inerente le misure straordinarie ed urgenti adottate per contrastare l&#8217;emergenza epidemiologica da COVID-19, Waynabox ha cancellato le partenze da tutte le citt\u00e0 italiane fino al 3 Aprile, incluso.<\/p>\n<p>Stiamo monitorando constantemente l&#8217;epidemia al fine di ottenere informazioni ufficiali e precise e procedere sempre in conformit\u00e0 con l&#8217;obiettivo di salvaguardare la sicurezza e la salute dei nostri clienti e lavoratori.<\/p>\n<h2>Contattare l&#8217;assistenza clienti Waynabox<\/h2>\n<p>\u00c8 possibile contattare l&#8217;assistenza clienti\u00a0 negli orari dalle 09:00 alle 18:00 dal luned\u00ec al venerd\u00ec e durante il fine settimana dalle 11:00 alle 18:00 con le presenti modalit\u00e0:<\/p>\n<ul>\n<li>Attenzione al clienti +39 056630093<\/li>\n<li>Scrivere a ciao@waynabox.com<\/li>\n<li>Canali social ufficiali: Instagram (\/\/www.instagram.com\/waynaboxit\/), Facebook (\/\/www.facebook.com\/waynaboxIT\/)<\/li>\n<\/ul>\n<p>Waynabox si attiene alle direttive rilasciate dal <strong>Ministero della Salute<\/strong> presente sul portale ufficiale dedicato all&#8217;emergenza sanitaria in corso: <a href=\"\/\/www.salute.gov.it\/nuovocoronavirus\">Portale ufficiale sul virus Covid-19 del Ministero della Salute<\/a>.<\/p>\n","protected":false},"excerpt":{"rendered":"<p>Politica Waynabox inerente all&#8217;emergenza sanitaria Covid-19 Waynabox si impegna a mantenere come priorit\u00e0 la sicurezza dei propri clienti. Di conseguenza, dalla fine di Febbraio Waynabox ha interrotto la prenotazione di viaggi sul territorio italiano. I clienti che hanno effettuato una prenotazione il giorno antecedente al 21 febbraio \u00e8 offerta la possibilit\u00e0 di ricevere un voucher [&hellip;]<\/p>\n","protected":false},"author":20,"featured_media":0,"parent":0,"menu_order":0,"comment_status":"closed","ping_status":"closed","template":"","meta":{"_seopress_robots_primary_cat":"","_seopress_titles_title":"Rimborso viaggio emergenza sanitaria - Waynabox","_seopress_titles_desc":"Politica Waynabox attuata per emergenza sanitaria Covid-19.","_seopress_robots_index":"yes","footnotes":""},"class_list":["post-87987","page","type-page","status-publish","hentry"],"_links":{"self":[{"href":"https:\/\/waynabox.com\/blog\/it\/wp-json\/wp\/v2\/pages\/87987","targetHints":{"allow":["GET"]}}],"collection":[{"href":"https:\/\/waynabox.com\/blog\/it\/wp-json\/wp\/v2\/pages"}],"about":[{"href":"https:\/\/waynabox.com\/blog\/it\/wp-json\/wp\/v2\/types\/page"}],"author":[{"embeddable":true,"href":"https:\/\/waynabox.com\/blog\/it\/wp-json\/wp\/v2\/users\/20"}],"replies":[{"embeddable":true,"href":"https:\/\/waynabox.com\/blog\/it\/wp-json\/wp\/v2\/comments?post=87987"}],"version-history":[{"count":9,"href":"https:\/\/waynabox.com\/blog\/it\/wp-json\/wp\/v2\/pages\/87987\/revisions"}],"predecessor-version":[{"id":88190,"href":"https:\/\/waynabox.com\/blog\/it\/wp-json\/wp\/v2\/pages\/87987\/revisions\/88190"}],"wp:attachment":[{"href":"https:\/\/waynabox.com\/blog\/it\/wp-json\/wp\/v2\/media?parent=87987"}],"curies":[{"name":"wp","href":"https:\/\/api.w.org\/{rel}","templated":true}]}}