{"id":20652,"date":"2019-07-01T07:45:38","date_gmt":"2019-07-01T07:45:38","guid":{"rendered":"http:\/\/waynabox.com\/?page_id=20652"},"modified":"2020-03-04T10:27:07","modified_gmt":"2020-03-04T09:27:07","slug":"bases-legais-do-concurso-do-instagram-da-waynabox-pt-sorteio-de-uma-viagem-surpresa-pela-europa","status":"publish","type":"page","link":"https:\/\/waynabox.com\/blog\/pt-pt\/bases-legais-do-concurso-do-instagram-da-waynabox-pt-sorteio-de-uma-viagem-surpresa-pela-europa\/","title":{"rendered":"Bases legais do concurso do Instagram da Waynabox PT: Sorteio de uma viagem surpresa pela Europa"},"content":{"rendered":"<p><span style=\"font-weight: 400;\">*Este <strong>concurso<\/strong> n\u00e3o est\u00e1 de nenhuma maneira promocionado, impulsionado ou administrado por, ou em colabora\u00e7\u00e3o com, Facebook e\/ou Instagram.<\/span><\/p>\n<ol>\n<li><strong>Organizac\u00e3o:<\/strong> <span style=\"font-weight: 400;\">a empresa organizadora desta atividade \u00e9 WAYNA AERO SL, con CIF: B-98649247.<\/span><\/li>\n<li><strong>Datas da promo\u00e7\u00e3o:<\/strong><span style=\"font-weight: 400;\"> O concurso come\u00e7ar\u00e1 dia 20\/06\/19 \u00e0s 10h e terminar\u00e1 dia 23\/06\/2019 \u00e0s 23:59 horas.<\/span><\/li>\n<li><strong>Participa\u00e7\u00e3o:<\/strong> <span style=\"font-weight: 400;\">A participa\u00e7\u00e3o se realizar\u00e1 atrav\u00e9s do perfil do Instagram de WaynaboxPT. S\u00f3 poder\u00e3o participar as pessoas maiores de idade. N\u00e3o poder\u00e3o participar os trabalhadores nem colaboradores da Waynabox, nem seus familiares diretos.<\/span><\/li>\n<li><strong>Funcionamento da promo\u00e7\u00e3o:<\/strong> <span style=\"font-weight: 400;\">O concurso se realizar\u00e1 atrav\u00e9s do perfil do Instagram da Waynabox PT.<\/span><\/li>\n<\/ol>\n<p><span style=\"font-weight: 400;\">\u00a0 \u00a0 \u00a0 \u00a0 \u00a0 Para <strong>participar do concurso<\/strong>, os usu\u00e1rios dever\u00e3o:<\/span><\/p>\n<ul>\n<li style=\"font-weight: 400;\"><span style=\"font-weight: 400;\">Seguir a<strong> @waynaboxpt<\/strong> no Instagram<\/span><\/li>\n<li style=\"font-weight: 400;\"><span style=\"font-weight: 400;\">Entrar no link da bio, fazer um <strong>screenshot<\/strong> e partilhar uma hist\u00f3ria identificando a @waynaboxpt<\/span><\/li>\n<li style=\"font-weight: 400;\"><span style=\"font-weight: 400;\"><strong>Identificar<\/strong> tr\u00eas amigos na foto do concurso publicada no Instagram.<\/span><\/li>\n<\/ul>\n<p><span style=\"font-weight: 400;\">\u00a0 \u00a0 \u00a0 \u00a0 \u00a0O ganhador ser\u00e1 sorteado de forma aleat\u00f3ria.<\/span><\/p>\n<ol start=\"5\">\n<li><strong>Pr\u00e9mios:<\/strong><span style=\"font-weight: 400;\"> O pr\u00e9mio consiste numa viagem surpresa Waynabox para um destino surpresa para uma pessoa e inclui os voos de ida e volta e o alojamento durante a estadia no destino. Saidas desde Lisboa ou Porto. A viagem deve ser usufru\u00edda nas datas dispon\u00edveis para escolher no site. O c\u00f3digo do voucher do ganhador poder\u00e1 ser usado no prazo de um ano depois da data que o mesmo foi emitido pela Waynabox. <\/span>O valor do pr\u00e9mio \u00e9 de 200\u20ac. Caso o ganhador viaje sozinho o mesmo dever\u00e1 pagar 50\u20ac que \u00e9 o valor adicional que a Waynabox cobra para viagens em que h\u00e1 apenas um passageiro. Qualquer extra dever\u00e1 ser pago pelo ganhador. Se a reserva for feita numa data em que o pre\u00e7o por pessoa \u00e9 mais elevado o ganhador dever\u00e1 pagar o valor adicional indicado no site. Se quiseres viajar com mais pessoas o ganhador ter\u00e1 que pagar uma quantidade adicional. \u00c9 um pr\u00e9mio pessoal e intransfer\u00edvel. Depois de feita a reserva n\u00e3o ser\u00e1 mais poss\u00edvel modificar as datas da viagem.<\/li>\n<li><strong>Ganhador<\/strong><span style=\"font-weight: 400;\"><strong>:<\/strong> O ganhador ser\u00e1 selecionado aleatoriamente entre os participantes que cumpram todos os requisitos anteriormente apresentados.<\/span><\/li>\n<li><strong>Divulga\u00e7\u00e3o do ganhador:<\/strong> <span style=\"font-weight: 400;\">A notifica\u00e7\u00e3o e divulga\u00e7\u00e3o do ganhador se realizar\u00e1 durante os 10 dias depois de finalizado o concurso atrav\u00e9s de uma mensagem privada no Instagram. \u00c9 de responsabilidade do ganhador entrar em contacto com a Waynabox enviando uma mensagem privada num prazo de 7 dias. Se a Waynabox n\u00e3o receber nenhuma mensagem privada do ganhador no prazo de 7 dias ap\u00f3s a mensagem ser recebida o mesmo perder\u00e1 o pr\u00e9mio. O ganhador aceita que o seu nome seja publicado em todas os perfis de redes sociais da Waynabox.<\/span><\/li>\n<li><strong>Entrega do pr\u00e9mio:<\/strong> <span style=\"font-weight: 400;\">O ganhador poder\u00e1 escolher a data da sua viagem entre as que aparecem dispon\u00edveis no site da Waynabox. O ganhador escolher\u00e1 as datas e a Waynabox far\u00e1 as reservas. O ganhador poder\u00e1 renunciar ao pr\u00e9mio, mas em nenhum caso poder\u00e1 troc\u00e1-lo por outro destino nem pelo seu valor em dinheiro. <\/span><\/li>\n<li><strong>Tratamento dos dados pessoais:<\/strong><span style=\"font-weight: 400;\"> Conforme a lei de Prote\u00e7\u00e3o de Dados de Car\u00e1ter Pessoal e o Real Decreto (EU) 2016\/679 (GDPR) se informa aos participantes da promo\u00e7\u00e3o que os dados poder\u00e3o ser incorporados \u00e0 base de dados da Waynabox. Estes mesmos dados ser\u00e3o utilizados para identificar os usu\u00e1rios da Waynabox e para o desenvolvimento de a\u00e7\u00f5es comerciais (atrav\u00e9s do telefone, SMS, email e qualquer outro meio de comunica\u00e7\u00e3o), de car\u00e1ter geral ou adaptadas \u00e0s suas caracter\u00edsticas pessoais. O participante poder\u00e1 em qualquer momento pedir de maneira gratuita os direitos de oposi\u00e7\u00e3o, acesso, rectifica\u00e7\u00e3o e cancela\u00e7\u00e3o de dados. <\/span>A simples participa\u00e7\u00e3o do concurso implica a aceita\u00e7\u00e3o das presentes bases, desta forma qualquer manifesta\u00e7\u00e3o no sentido de n\u00e3o aceita\u00e7\u00e3o parcial ou em sua totalidade implicar\u00e1 na exclus\u00e3o do participante e a Waynabox ficar\u00e1 livre do cumprimento das obriga\u00e7\u00f5es relativas a este participante. A empresa n\u00e3o ser\u00e1 respons\u00e1vel se, por motivos de for\u00e7a maior, a promo\u00e7\u00e3o n\u00e3o possa ser levada a cabo em algum dos seus termos especificados anteriormente.<\/li>\n<li><strong>Legisla\u00e7\u00e3o aplic\u00e1vel:<\/strong><span style=\"font-weight: 400;\"> No que consta nestas bases legais, este concurso ir\u00e1 submeter-se \u00e0s leis portuguesas vigentes no momento em que o mesmo se realiza. Os participantes aceitam automaticamente ap\u00f3s a participa\u00e7\u00e3o do concurso que seus nomes sejam publicados e partilhados nas redes sociais sem que isso infrinja de qualquer maneira a sua privacidade. A participa\u00e7\u00e3o de concursos assim j\u00e1 sup\u00f5em que as normas da rede social onde o mesmo ocorre foram aceitas. <\/span><\/li>\n<li><strong>Aceita\u00e7\u00e3o das bases legais<\/strong><span style=\"font-weight: 400;\"><strong>:<\/strong> O facto de participar desta promo\u00e7\u00e3o implica a total aceita\u00e7\u00e3o destas bases legais, assim como o crit\u00e9rio da Waynabox em rela\u00e7\u00e3o a qualquer decis\u00e3o e interpreta\u00e7\u00e3o das mesmas.<\/span><\/li>\n<li><strong>Reservas e limita\u00e7\u00f5es:<\/strong> <span style=\"font-weight: 400;\">A Waynabox se o reserva no direito de efetuar mudan\u00e7as que tenham como objetivo o bom fim do concurso quando haja motivos de for\u00e7a maior que impe\u00e7am a empresa de terminar o concurso como previsto nas presentes bases legais. A Waynabox se reserva o direito de modificar as datas do per\u00edodo do concurso, assim como de modificar e interpretar as presentes bases legais. A Waynabox se reserva o direito de resolver segundo sua interpreta\u00e7\u00e3o aqueles aspetos contemplados nestas bases.<\/span><\/li>\n<li><strong>Outras normas:<\/strong> N\u00e3o ser\u00e3o permitidos coment\u00e1rios ofensivos, insultos, amea\u00e7as, linguagem inadequada, conte\u00fados degradantes ou ofensas contra outros membros da comunidade ou contra nossos produtos e servi\u00e7os, marcas e equipa.<\/li>\n<\/ol>\n<p>&nbsp;<\/p>\n<p>O ganhador ser\u00e1 sorteado no dia 25 de junho.<\/p>\n","protected":false},"excerpt":{"rendered":"<p>*Este concurso n\u00e3o est\u00e1 de nenhuma maneira promocionado, impulsionado ou administrado por, ou em colabora\u00e7\u00e3o com, Facebook e\/ou Instagram. Organizac\u00e3o: a empresa organizadora desta atividade \u00e9 WAYNA AERO SL, con CIF: B-98649247. Datas da promo\u00e7\u00e3o: O concurso come\u00e7ar\u00e1 dia 20\/06\/19 \u00e0s 10h e terminar\u00e1 dia 23\/06\/2019 \u00e0s 23:59 horas. Participa\u00e7\u00e3o: A participa\u00e7\u00e3o se realizar\u00e1 atrav\u00e9s [&hellip;]<\/p>\n","protected":false},"author":21,"featured_media":0,"parent":0,"menu_order":0,"comment_status":"closed","ping_status":"closed","template":"","meta":{"_seopress_robots_primary_cat":"","_seopress_titles_title":"","_seopress_titles_desc":"","_seopress_robots_index":"yes","footnotes":""},"class_list":["post-20652","page","type-page","status-publish","hentry"],"_links":{"self":[{"href":"https:\/\/waynabox.com\/blog\/pt-pt\/wp-json\/wp\/v2\/pages\/20652","targetHints":{"allow":["GET"]}}],"collection":[{"href":"https:\/\/waynabox.com\/blog\/pt-pt\/wp-json\/wp\/v2\/pages"}],"about":[{"href":"https:\/\/waynabox.com\/blog\/pt-pt\/wp-json\/wp\/v2\/types\/page"}],"author":[{"embeddable":true,"href":"https:\/\/waynabox.com\/blog\/pt-pt\/wp-json\/wp\/v2\/users\/21"}],"replies":[{"embeddable":true,"href":"https:\/\/waynabox.com\/blog\/pt-pt\/wp-json\/wp\/v2\/comments?post=20652"}],"version-history":[{"count":1,"href":"https:\/\/waynabox.com\/blog\/pt-pt\/wp-json\/wp\/v2\/pages\/20652\/revisions"}],"predecessor-version":[{"id":20661,"href":"https:\/\/waynabox.com\/blog\/pt-pt\/wp-json\/wp\/v2\/pages\/20652\/revisions\/20661"}],"wp:attachment":[{"href":"https:\/\/waynabox.com\/blog\/pt-pt\/wp-json\/wp\/v2\/media?parent=20652"}],"curies":[{"name":"wp","href":"https:\/\/api.w.org\/{rel}","templated":true}]}}