{"id":87999,"date":"2020-03-04T16:05:04","date_gmt":"2020-03-04T15:05:04","guid":{"rendered":"http:\/\/waynabox.com\/?page_id=87999"},"modified":"2020-03-11T15:16:47","modified_gmt":"2020-03-11T14:16:47","slug":"seguro-viagem","status":"publish","type":"page","link":"https:\/\/waynabox.com\/blog\/pt-pt\/seguro-viagem\/","title":{"rendered":"Seguro Viagem"},"content":{"rendered":"<p>&nbsp;<\/p>\n<p><span style=\"font-weight: 400;\">Em todas as reservas realizadas devolveremos um vale com o mesmo valor da viagem caso ocorra alguma destas condi\u00e7\u00f5es:<\/span><\/p>\n<ul>\n<li style=\"font-weight: 400;\"><span style=\"font-weight: 400;\">O minist\u00e9rio de assuntos exteriores de Portugal recomende explicitamente a n\u00e3o viajar a um destino ou regi\u00e3o por causa do Coronav\u00edrus.<\/span><\/li>\n<li style=\"font-weight: 400;\"><span style=\"font-weight: 400;\">O voo seja cancelado por motivo Coronav\u00edrus.<\/span><\/li>\n<li style=\"font-weight: 400;\"><span style=\"font-weight: 400;\">As principais atra\u00e7\u00f5es tur\u00edsticas* do destino estejam fechadas por causa do coronav\u00edrus, sendo imposs\u00edvel realizar qualquer atividade tur\u00edstica com normalidade.<\/span><\/li>\n<\/ul>\n<p><span style=\"font-weight: 400;\">*Sendo as principais atra\u00e7\u00f5es tur\u00edsticas os 5 monumentos, museus ou s\u00edtios de interesse mais visitados pelos turistas de cada destino.<\/span><\/p>\n","protected":false},"excerpt":{"rendered":"<p>&nbsp; Em todas as reservas realizadas devolveremos um vale com o mesmo valor da viagem caso ocorra alguma destas condi\u00e7\u00f5es: O minist\u00e9rio de assuntos exteriores de Portugal recomende explicitamente a n\u00e3o viajar a um destino ou regi\u00e3o por causa do Coronav\u00edrus. O voo seja cancelado por motivo Coronav\u00edrus. As principais atra\u00e7\u00f5es tur\u00edsticas* do destino estejam [&hellip;]<\/p>\n","protected":false},"author":21,"featured_media":0,"parent":0,"menu_order":0,"comment_status":"closed","ping_status":"closed","template":"","meta":{"_seopress_robots_primary_cat":"","_seopress_titles_title":"","_seopress_titles_desc":"","_seopress_robots_index":"yes","footnotes":""},"class_list":["post-87999","page","type-page","status-publish","hentry"],"_links":{"self":[{"href":"https:\/\/waynabox.com\/blog\/pt-pt\/wp-json\/wp\/v2\/pages\/87999","targetHints":{"allow":["GET"]}}],"collection":[{"href":"https:\/\/waynabox.com\/blog\/pt-pt\/wp-json\/wp\/v2\/pages"}],"about":[{"href":"https:\/\/waynabox.com\/blog\/pt-pt\/wp-json\/wp\/v2\/types\/page"}],"author":[{"embeddable":true,"href":"https:\/\/waynabox.com\/blog\/pt-pt\/wp-json\/wp\/v2\/users\/21"}],"replies":[{"embeddable":true,"href":"https:\/\/waynabox.com\/blog\/pt-pt\/wp-json\/wp\/v2\/comments?post=87999"}],"version-history":[{"count":4,"href":"https:\/\/waynabox.com\/blog\/pt-pt\/wp-json\/wp\/v2\/pages\/87999\/revisions"}],"predecessor-version":[{"id":88215,"href":"https:\/\/waynabox.com\/blog\/pt-pt\/wp-json\/wp\/v2\/pages\/87999\/revisions\/88215"}],"wp:attachment":[{"href":"https:\/\/waynabox.com\/blog\/pt-pt\/wp-json\/wp\/v2\/media?parent=87999"}],"curies":[{"name":"wp","href":"https:\/\/api.w.org\/{rel}","templated":true}]}}