{"id":90844,"date":"2025-09-12T08:45:35","date_gmt":"2025-09-12T07:45:35","guid":{"rendered":"https:\/\/waynabox.com\/blog\/mapa-del-sitio\/"},"modified":"2025-09-12T08:46:22","modified_gmt":"2025-09-12T07:46:22","slug":"mapa-del-sitio","status":"publish","type":"page","link":"https:\/\/waynabox.com\/blog\/pt-pt\/mapa-del-sitio\/","title":{"rendered":"Mapa del sitio"},"content":{"rendered":"<div class=\"wrap-html-sitemap sp-html-sitemap\"><div class=\"sp-wrap-cpt\"><h2 class=\"sp-cpt-name\">P\u00e1ginas<\/h2><ul class=\"sp-list-posts sp-cpt-hierarchical\"><li class=\"page_item page-item-90844\"><a href=\"https:\/\/waynabox.com\/blog\/pt-pt\/mapa-del-sitio\/\">Mapa del sitio<\/a><\/li><li class=\"page_item page-item-90315\"><a href=\"https:\/\/waynabox.com\/blog\/pt-pt\/\">Blog Pt<\/a><\/li><\/ul><\/div><div class=\"sp-wrap-cpt\"><h2 class=\"sp-cpt-name\">Artigos<\/h2><div class=\"sp-wrap-cats\"><div class=\"sp-wrap-cat\"><h3 class=\"sp-cat-name\"><a href=\"https:\/\/waynabox.com\/blog\/pt-pt\/travel-tips-pt\/bagagem\/\">Bagagem<\/a><\/h3><ul class=\"sp-list-posts\"><li><a href=\"https:\/\/waynabox.com\/blog\/pt-pt\/2017\/02\/22\/fazer-mala-mao-perfeita\/\">Como fazer a mala de m\u00e3o perfeita?<\/a> - 22 Fevereiro 2017<\/li><\/ul><\/div><div class=\"sp-wrap-cat\"><h3 class=\"sp-cat-name\"><a href=\"https:\/\/waynabox.com\/blog\/pt-pt\/travel-tips-pt\/como-mover\/\">Como mover<\/a><\/h3><\/div><div class=\"sp-wrap-cat\"><h3 class=\"sp-cat-name\"><a href=\"https:\/\/waynabox.com\/blog\/pt-pt\/curiosidades-de-viagens\/\">Curiosidades de viagens<\/a><\/h3><ul class=\"sp-list-posts\"><li><a href=\"https:\/\/waynabox.com\/blog\/pt-pt\/2020\/01\/14\/os-11-records-de-viagens-mais-impressionantes-do-mundo\/\">Os 11 records de viagens mais impressionantes do mundo<\/a> - 14 Janeiro 2020<\/li><li><a href=\"https:\/\/waynabox.com\/blog\/pt-pt\/2020\/01\/09\/as-melhores-casas-de-cha-do-mundo\/\">As melhores casas de ch\u00e1 do mundo<\/a> - 9 Janeiro 2020<\/li><li><a href=\"https:\/\/waynabox.com\/blog\/pt-pt\/2020\/01\/07\/dicas-imprescindiveis-do-que-fazer-em-toulouse\/\">Dicas imprescind\u00edveis do que fazer em Toulouse<\/a> - 7 Janeiro 2020<\/li><li><a href=\"https:\/\/waynabox.com\/blog\/pt-pt\/2019\/12\/13\/livros-sobre-viagens-pelo-mundo\/\">Livros que te v\u00e3o inspirar a viajar pelo mundo<\/a> - 13 Dezembro 2019<\/li><li><a href=\"https:\/\/waynabox.com\/blog\/pt-pt\/2019\/12\/03\/86647\/\">10 lugares que serviram de cen\u00e1rio para filmes famosos<\/a> - 3 Dezembro 2019<\/li><li><a href=\"https:\/\/waynabox.com\/blog\/pt-pt\/2019\/10\/22\/conhece-os-castelos-mais-bonitos-da-europa\/\">Conhece os castelos mais bonitos da Europa<\/a> - 22 Outubro 2019<\/li><li><a href=\"https:\/\/waynabox.com\/blog\/pt-pt\/2019\/10\/10\/guia-de-3-dias-em-florenca\/\">Guia de 3 dias em Floren\u00e7a<\/a> - 10 Outubro 2019<\/li><li><a href=\"https:\/\/waynabox.com\/blog\/pt-pt\/2019\/06\/11\/faz-uma-viagem-surpresa\/\">Faz uma viagem surpresa!<\/a> - 11 Junho 2019<\/li><li><a href=\"https:\/\/waynabox.com\/blog\/pt-pt\/2019\/04\/01\/destinos-de-primavera\/\">Os melhores destinos da Europa para visitares na primavera<\/a> - 1 Abril 2019<\/li><li><a href=\"https:\/\/waynabox.com\/blog\/pt-pt\/2019\/03\/01\/porque-presentear-alguem-com-uma-viagem-surpresa\/\">Porqu\u00ea presentear uma viagem surpresa?<\/a> - 1 Mar\u00e7o 2019<\/li><li><a href=\"https:\/\/waynabox.com\/blog\/pt-pt\/2017\/02\/09\/saber-se-um-autentico-espirito-wanderlust\/\">Tens o aut\u00eantico esp\u00edrito Wanderlust?<\/a> - 9 Fevereiro 2017<\/li><li><a href=\"https:\/\/waynabox.com\/blog\/pt-pt\/2017\/01\/25\/parvoices-fazemos-quando-viajamos\/\">Parvo\u00edces que todos fazemos quando viajamos<\/a> - 25 Janeiro 2017<\/li><li><a href=\"https:\/\/waynabox.com\/blog\/pt-pt\/2016\/12\/09\/sao-os-alojamentos-waynabox\/\">Como s\u00e3o os alojamentos Waynabox?<\/a> - 9 Dezembro 2016<\/li><\/ul><\/div><div class=\"sp-wrap-cat\"><h3 class=\"sp-cat-name\"><a href=\"https:\/\/waynabox.com\/blog\/pt-pt\/dicas-de-viagem\/\">Dicas de Viagem<\/a><\/h3><ul class=\"sp-list-posts\"><li><a href=\"https:\/\/waynabox.com\/blog\/pt-pt\/2020\/03\/23\/de-dar-agua-na-boca-os-melhores-festivais-gastronomicos-do-mundo\/\">&#8220;De dar \u00e1gua na boca&#8221;: os melhores festivais gastron\u00f3micos do mundo<\/a> - 23 Mar\u00e7o 2020<\/li><li><a href=\"https:\/\/waynabox.com\/blog\/pt-pt\/2020\/02\/25\/os-melhores-gelados-do-mundo\/\">Os melhores gelados do mundo<\/a> - 25 Fevereiro 2020<\/li><li><a href=\"https:\/\/waynabox.com\/blog\/pt-pt\/2020\/02\/06\/sabes-quais-sao-os-melhores-museus-da-europa\/\">Sabes quais s\u00e3o os melhores museus da Europa?<\/a> - 6 Fevereiro 2020<\/li><li><a href=\"https:\/\/waynabox.com\/blog\/pt-pt\/2019\/11\/22\/conhece-os-melhores-museus-de-amsterdao\/\">Conhece os melhores museus de Amsterd\u00e3o<\/a> - 22 Novembro 2019<\/li><li><a href=\"https:\/\/waynabox.com\/blog\/pt-pt\/2019\/11\/18\/os-9-melhores-doces-e-sobremesas-da-europa\/\">Os 9 melhores doces e sobremesas da Europa<\/a> - 18 Novembro 2019<\/li><li><a href=\"https:\/\/waynabox.com\/blog\/pt-pt\/2019\/10\/30\/o-que-fazer-em-londres-no-mes-de-dezembro\/\">O que fazer em Londres no inverno?<\/a> - 30 Outubro 2019<\/li><li><a href=\"https:\/\/waynabox.com\/blog\/pt-pt\/2019\/10\/23\/7-cidades-para-conhecer-depois-dos-40\/\">7 cidades para conhecer depois dos 40<\/a> - 23 Outubro 2019<\/li><li><a href=\"https:\/\/waynabox.com\/blog\/pt-pt\/2019\/06\/04\/8-conselhos-para-fazer-a-mala-perfeita\/\">8 conselhos para fazer a mala perfeita<\/a> - 4 Junho 2019<\/li><li><a href=\"https:\/\/waynabox.com\/blog\/pt-pt\/2019\/05\/06\/onde-comer-em-roma\/\">Onde comer bem e barato em Roma?<\/a> - 6 Maio 2019<\/li><li><a href=\"https:\/\/waynabox.com\/blog\/pt-pt\/2017\/05\/25\/6-conselhos-viajar-um-preco-baixo-neste-verao-e-ate-conseguir-poupar\/\">6 conselhos para viajar por um pre\u00e7o baixo (e at\u00e9 conseguir poupar!)<\/a> - 25 Maio 2017<\/li><li><a href=\"https:\/\/waynabox.com\/blog\/pt-pt\/2017\/04\/06\/viajar-com-as-tuas-amigas-traz-beneficios-saude\/\">Viajar com as tuas amigas traz benef\u00edcios para a sa\u00fade<\/a> - 6 Abril 2017<\/li><li><a href=\"https:\/\/waynabox.com\/blog\/pt-pt\/2017\/03\/21\/posso-cancelar-minha-viagem-waynabox\/\">Posso cancelar a minha viagem Waynabox?<\/a> - 21 Mar\u00e7o 2017<\/li><li><a href=\"https:\/\/waynabox.com\/blog\/pt-pt\/2016\/12\/30\/motivos-deves-viajar-na-passagem-ano\/\">4 motivos pelos quais deves viajar na passagem de ano<\/a> - 30 Dezembro 2016<\/li><li><a href=\"https:\/\/waynabox.com\/blog\/pt-pt\/2016\/12\/02\/incluem-as-viagens-waynabox\/\">O que incluem as viagens Waynabox?<\/a> - 2 Dezembro 2016<\/li><\/ul><\/div><div class=\"sp-wrap-cat\"><h3 class=\"sp-cat-name\"><a href=\"https:\/\/waynabox.com\/blog\/pt-pt\/waynabox-pt\/experiencias-waynabox-pt\/\">Experi\u00eancias waynabox<\/a><\/h3><ul class=\"sp-list-posts\"><li><a href=\"https:\/\/waynabox.com\/blog\/pt-pt\/2019\/11\/28\/como-faco-para-ofecerer-uma-viagem-surpresa\/\">Como fa\u00e7o para oferecer uma viagem surpresa?<\/a> - 28 Novembro 2019<\/li><li><a href=\"https:\/\/waynabox.com\/blog\/pt-pt\/2019\/02\/27\/porque-e-tao-bom-viajar-para-um-destino-surpresa\/\">Porqu\u00ea \u00e9 t\u00e3o bom viajar a um destino surpresa?<\/a> - 27 Fevereiro 2019<\/li><li><a href=\"https:\/\/waynabox.com\/blog\/pt-pt\/2017\/06\/26\/10-razoes-deves-visitar-madeira\/\">10 raz\u00f5es porque deves visitar a Madeira<\/a> - 26 Junho 2017<\/li><\/ul><\/div><div class=\"sp-wrap-cat\"><h3 class=\"sp-cat-name\"><a href=\"https:\/\/waynabox.com\/blog\/pt-pt\/guias-de-viagem\/\">Guias de viagem<\/a><\/h3><ul class=\"sp-list-posts\"><li><a href=\"https:\/\/waynabox.com\/blog\/pt-pt\/2020\/03\/12\/roteiro-completo-sevilha-tem-uma-cor-especial\/\">Roteiro Completo: Sevilha tem uma cor especial<\/a> - 12 Mar\u00e7o 2020<\/li><li><a href=\"https:\/\/waynabox.com\/blog\/pt-pt\/2020\/02\/28\/visitar-dublin-em-poucos-dias\/\">Visitar Dublin em poucos dias<\/a> - 28 Fevereiro 2020<\/li><li><a href=\"https:\/\/waynabox.com\/blog\/pt-pt\/2019\/12\/04\/o-que-visitar-em-granada-em-2-dias\/\">O que visitar em Granada em 2 dias<\/a> - 4 Dezembro 2019<\/li><li><a href=\"https:\/\/waynabox.com\/blog\/pt-pt\/2019\/11\/27\/roma-o-que-ver-em-3-dias\/\">Roma: o que ver em 3 dias<\/a> - 27 Novembro 2019<\/li><li><a href=\"https:\/\/waynabox.com\/blog\/pt-pt\/2019\/11\/14\/roteiro-definitivo-do-que-ver-e-fazer-em-genova\/\">Roteiro definitivo do que ver e fazer em G\u00e9nova<\/a> - 14 Novembro 2019<\/li><li><a href=\"https:\/\/waynabox.com\/blog\/pt-pt\/2019\/11\/12\/nova-york-o-que-fazer-em-5-dias\/\">Nova York: o que fazer em 5 dias<\/a> - 12 Novembro 2019<\/li><li><a href=\"https:\/\/waynabox.com\/blog\/pt-pt\/2019\/11\/06\/visitar-milao-em-2-dias\/\">Visitar Mil\u00e3o em 2 dias<\/a> - 6 Novembro 2019<\/li><li><a href=\"https:\/\/waynabox.com\/blog\/pt-pt\/2019\/09\/04\/melhores-destinos-de-outono\/\">Melhores Destinos de Outono<\/a> - 4 Setembro 2019<\/li><li><a href=\"https:\/\/waynabox.com\/blog\/pt-pt\/2019\/08\/27\/onde-ir-em-budapeste\/\">O que ver e fazer em Budapeste?<\/a> - 27 Agosto 2019<\/li><li><a href=\"https:\/\/waynabox.com\/blog\/pt-pt\/2019\/08\/19\/5-coisas-imperdiveis-para-visitar-em-paris\/\">5 coisas imperd\u00edveis para visitar em Paris<\/a> - 19 Agosto 2019<\/li><li><a href=\"https:\/\/waynabox.com\/blog\/pt-pt\/2019\/08\/02\/escapadinha-romantica-pela-europa\/\">Escapadinha Rom\u00e2ntica pela Europa<\/a> - 2 Agosto 2019<\/li><li><a href=\"https:\/\/waynabox.com\/blog\/pt-pt\/2019\/07\/30\/melhores-mercados-de-natal\/\">Os melhores Mercados de Natal na Europa<\/a> - 30 Julho 2019<\/li><li><a href=\"https:\/\/waynabox.com\/blog\/pt-pt\/2019\/07\/23\/berlim-em-3-dias\/\">Berlim em 3 dias<\/a> - 23 Julho 2019<\/li><li><a href=\"https:\/\/waynabox.com\/blog\/pt-pt\/2019\/07\/11\/viagem-surpresa-agora-disponivel-tambem-para-os-eua\/\">Viagem surpresa? Agora dispon\u00edvel tamb\u00e9m para os EUA<\/a> - 11 Julho 2019<\/li><li><a href=\"https:\/\/waynabox.com\/blog\/pt-pt\/2019\/06\/27\/viaja-a-um-destino-surpresa-de-espana\/\">Viaja a um destino surpresa de Espanha!<\/a> - 27 Junho 2019<\/li><li><a href=\"https:\/\/waynabox.com\/blog\/pt-pt\/2019\/06\/06\/bruxelas-o-que-visitar-em-2-dias\/\">Bruxelas: o que visitar em 2 dias<\/a> - 6 Junho 2019<\/li><li><a href=\"https:\/\/waynabox.com\/blog\/pt-pt\/2019\/05\/29\/sitios-que-deves-conhecer-se-es-fa-de-harry-potter\/\">A Londres de Harry Potter<\/a> - 29 Maio 2019<\/li><li><a href=\"https:\/\/waynabox.com\/blog\/pt-pt\/2019\/05\/27\/visitar-fez-em-3-dias\/\">Visitar Fez em 3 dias<\/a> - 27 Maio 2019<\/li><li><a href=\"https:\/\/waynabox.com\/blog\/pt-pt\/2019\/05\/14\/destinosdeverao\/\">Os melhores destinos de ver\u00e3o<\/a> - 14 Maio 2019<\/li><li><a href=\"https:\/\/waynabox.com\/blog\/pt-pt\/2019\/05\/02\/o-que-presentear-no-dia-das-maes\/\">Ideias de presentes para o dia das m\u00e3es<\/a> - 2 Maio 2019<\/li><li><a href=\"https:\/\/waynabox.com\/blog\/pt-pt\/2019\/04\/29\/as-melhores-cafeterias-da-europa\/\">As melhores cafeterias da Europa!<\/a> - 29 Abril 2019<\/li><li><a href=\"https:\/\/waynabox.com\/blog\/pt-pt\/2019\/04\/26\/o-que-visitar-em-londres\/\">O que visitar em Londres?<\/a> - 26 Abril 2019<\/li><li><a href=\"https:\/\/waynabox.com\/blog\/pt-pt\/2019\/04\/23\/uma-viagem-inesquecivel-para-barcelona\/\">Uma viagem inesquec\u00edvel a Barcelona<\/a> - 23 Abril 2019<\/li><li><a href=\"https:\/\/waynabox.com\/blog\/pt-pt\/2019\/02\/26\/11-lugares-imperdiveis-para-conhecer-em-madrid\/\">S\u00edtios imperd\u00edveis para conheceres em Madrid<\/a> - 26 Fevereiro 2019<\/li><li><a href=\"https:\/\/waynabox.com\/blog\/pt-pt\/2017\/04\/18\/10-curiosidades-copenhaga\/\">10 curiosidades sobre Copenhaga<\/a> - 18 Abril 2017<\/li><li><a href=\"https:\/\/waynabox.com\/blog\/pt-pt\/2017\/04\/11\/quan-encanto-da-cidade-aarhus\/\">Qual o encanto da cidade de Aarhus?<\/a> - 11 Abril 2017<\/li><li><a href=\"https:\/\/waynabox.com\/blog\/pt-pt\/2017\/01\/04\/curiosidades-amesterdao-te-vao-deixar-boquiaberto\/\">11 curiosidades sobre Amsterd\u00e3o que te v\u00e3o deixar boquiaberto<\/a> - 4 Janeiro 2017<\/li><\/ul><\/div><div class=\"sp-wrap-cat\"><h3 class=\"sp-cat-name\"><a href=\"https:\/\/waynabox.com\/blog\/pt-pt\/planos-essenciais-pt-pt\/\">Planos essenciais<\/a><\/h3><ul class=\"sp-list-posts\"><li><a href=\"https:\/\/waynabox.com\/blog\/pt-pt\/2020\/02\/17\/as-livrarias-mais-bonitas-do-mundo\/\">As livrarias mais bonitas do mundo<\/a> - 17 Fevereiro 2020<\/li><li><a href=\"https:\/\/waynabox.com\/blog\/pt-pt\/2020\/01\/17\/os-7-jardins-imperdiveis-da-europa\/\">Os 7 jardins imperd\u00edveis da Europa<\/a> - 17 Janeiro 2020<\/li><li><a href=\"https:\/\/waynabox.com\/blog\/pt-pt\/2019\/03\/11\/o-que-dar-de-presente-para-o-teu-pai\/\">Presente criativo para o teu pai<\/a> - 11 Mar\u00e7o 2019<\/li><\/ul><\/div><div class=\"sp-wrap-cat\"><h3 class=\"sp-cat-name\"><a href=\"https:\/\/waynabox.com\/blog\/pt-pt\/sem-categoria\/\">Sem categoria<\/a><\/h3><ul class=\"sp-list-posts\"><li><a href=\"https:\/\/waynabox.com\/blog\/pt-pt\/2019\/10\/14\/os-melhores-sitios-de-brunch-de-barcelona\/\">Os melhores s\u00edtios de brunch de Barcelona<\/a> - 14 Outubro 2019<\/li><li><a href=\"https:\/\/waynabox.com\/blog\/pt-pt\/2019\/03\/28\/sabias-que-o-teu-estomago-pode-escolher-o-teu-proximo-destino\/\">Sabias que o teu est\u00f4mago pode escolher o teu pr\u00f3ximo destino?<\/a> - 28 Mar\u00e7o 2019<\/li><li><a href=\"https:\/\/waynabox.com\/blog\/pt-pt\/2017\/06\/01\/3-coisas-te-queriamos-dizer-neste-mes-junho\/\">3 coisas que te quer\u00edamos dizer neste m\u00eas de Junho!<\/a> - 1 Junho 2017<\/li><\/ul><\/div><div class=\"sp-wrap-cat\"><h3 class=\"sp-cat-name\"><a href=\"https:\/\/waynabox.com\/blog\/pt-pt\/surpresas\/\">Surpresas<\/a><\/h3><ul class=\"sp-list-posts\"><li><a href=\"https:\/\/waynabox.com\/blog\/pt-pt\/2019\/12\/09\/dia-dos-namorado-ideas-presente-e-viagem\/\">Viagem de dia dos namorados 2020<\/a> - 9 Dezembro 2019<\/li><li><a href=\"https:\/\/waynabox.com\/blog\/pt-pt\/2019\/05\/20\/que-tipo-de-viajante-es-tu\/\">Que tipo de viajante \u00e9s tu?<\/a> - 20 Maio 2019<\/li><\/ul><\/div><div class=\"sp-wrap-cat\"><h3 class=\"sp-cat-name\"><a href=\"https:\/\/waynabox.com\/blog\/pt-pt\/travel-tips-pt\/\">Travel Tips<\/a><\/h3><ul class=\"sp-list-posts\"><li><a href=\"https:\/\/waynabox.com\/blog\/pt-pt\/2017\/05\/04\/5-conselhos-escolheres-teu-companheiro-viagem\/\">5 conselhos para escolheres o teu companheiro de viagem<\/a> - 4 Maio 2017<\/li><li><a href=\"https:\/\/waynabox.com\/blog\/pt-pt\/2017\/04\/13\/pequeno-almoco-no-incluido-que-fazer\/\">O pequeno-almo\u00e7o n\u00e3o est\u00e1 inclu\u00eddo, o que posso fazer?<\/a> - 13 Abril 2017<\/li><li><a href=\"https:\/\/waynabox.com\/blog\/pt-pt\/2017\/03\/14\/as-criancas-podem-viajar-com-waynabox\/\">As crian\u00e7as podem viajar com a Waynabox?<\/a> - 14 Mar\u00e7o 2017<\/li><li><a href=\"https:\/\/waynabox.com\/blog\/pt-pt\/2017\/02\/27\/horas-saem-os-voos-waynabox\/\">A que horas saem os voos Waynabox?<\/a> - 27 Fevereiro 2017<\/li><li><a href=\"https:\/\/waynabox.com\/blog\/pt-pt\/2017\/02\/22\/fazer-mala-mao-perfeita\/\">Como fazer a mala de m\u00e3o perfeita?<\/a> - 22 Fevereiro 2017<\/li><li><a href=\"https:\/\/waynabox.com\/blog\/pt-pt\/2017\/01\/26\/dicas-para-que-as-tuas-fotos-arrasem-no-instagram\/\">Dicas para que as tuas fotos arrasem no Instagram<\/a> - 26 Janeiro 2017<\/li><li><a href=\"https:\/\/waynabox.com\/blog\/pt-pt\/2017\/01\/25\/parvoices-fazemos-quando-viajamos\/\">Parvo\u00edces que todos fazemos quando viajamos<\/a> - 25 Janeiro 2017<\/li><li><a href=\"https:\/\/waynabox.com\/blog\/pt-pt\/2017\/01\/05\/conselhos-viajar-em-casal-pela-primeira-vez\/\">Conselhos para viajar em casal (pela primeira vez)<\/a> - 5 Janeiro 2017<\/li><li><a href=\"https:\/\/waynabox.com\/blog\/pt-pt\/2016\/12\/09\/alguns-sinais-nasceste-viajar\/\">Alguns sinais que nasceste para viajar<\/a> - 9 Dezembro 2016<\/li><\/ul><\/div><div class=\"sp-wrap-cat\"><h3 class=\"sp-cat-name\"><a href=\"https:\/\/waynabox.com\/blog\/pt-pt\/viagem-perfeita-pt-pt\/\">Viagem Perfeita<\/a><\/h3><ul class=\"sp-list-posts\"><li><a href=\"https:\/\/waynabox.com\/blog\/pt-pt\/2019\/12\/11\/7-motivos-para-viajar-sozinha\/\">7 motivos para viajar sozinha<\/a> - 11 Dezembro 2019<\/li><li><a href=\"https:\/\/waynabox.com\/blog\/pt-pt\/2019\/04\/15\/uma-viagem-de-outro-mundo-embarca-agora-para-game-of-thrones\/\">Uma viagem de outro mundo: embarca agora para Game of Thrones!<\/a> - 15 Abril 2019<\/li><li><a href=\"https:\/\/waynabox.com\/blog\/pt-pt\/2017\/02\/15\/viagens-fazer-dos-30\/\">Viagens para fazer antes dos 30<\/a> - 15 Fevereiro 2017<\/li><li><a href=\"https:\/\/waynabox.com\/blog\/pt-pt\/2017\/01\/19\/11-lugares-visitar-uma-vez-na-vida\/\">11 lugares para visitar uma vez na vida<\/a> - 19 Janeiro 2017<\/li><\/ul><\/div><div class=\"sp-wrap-cat\"><h3 class=\"sp-cat-name\"><a href=\"https:\/\/waynabox.com\/blog\/pt-pt\/waynabox-pt\/\">Waynabox<\/a><\/h3><ul class=\"sp-list-posts\"><li><a href=\"https:\/\/waynabox.com\/blog\/pt-pt\/2020\/02\/14\/catarina-goncalves-a-cidade-que-mais-me-impressionou-quando-a-visitei-e-a-cidade-do-porto\/\">Catarina Gon\u00e7alves: &#8220;A cidade que mais me impressionou quando a visitei \u00e9 a cidade do Porto&#8221;<\/a> - 14 Fevereiro 2020<\/li><li><a href=\"https:\/\/waynabox.com\/blog\/pt-pt\/2020\/02\/13\/marta-mendes-viajar-e-quase-como-a-minha-terapia\/\">Marta Mendes: &#8220;Viajar \u00e9 quase como a minha terapia&#8221;<\/a> - 13 Fevereiro 2020<\/li><li><a href=\"https:\/\/waynabox.com\/blog\/pt-pt\/2020\/02\/12\/carina-campos-gosto-sempre-de-conhecer-os-pontos-mais-tradicionais-de-cada-cidade\/\">Carina Campos: &#8220;Gosto sempre de conhecer os pontos mais tradicionais de cada cidade&#8221;<\/a> - 12 Fevereiro 2020<\/li><li><a href=\"https:\/\/waynabox.com\/blog\/pt-pt\/2020\/02\/12\/ana-catarina-martins-nao-consigo-escolher-so-um-destino-favorito\/\">Ana Catarina Martins: &#8220;N\u00e3o consigo escolher s\u00f3 um destino favorito&#8221;<\/a> - 12 Fevereiro 2020<\/li><li><a href=\"https:\/\/waynabox.com\/blog\/pt-pt\/2020\/02\/10\/entrevista-com-sara-lopes-minha-meta-para-este-ano-e-visitar-barcelona-madrid-e-alemanha\/\">Entrevista com Sara Lopes: &#8220;minha meta para este ano \u00e9 visitar Barcelona, Madrid e Alemanha&#8221;<\/a> - 10 Fevereiro 2020<\/li><li><a href=\"https:\/\/waynabox.com\/blog\/pt-pt\/2019\/11\/28\/como-faco-para-ofecerer-uma-viagem-surpresa\/\">Como fa\u00e7o para oferecer uma viagem surpresa?<\/a> - 28 Novembro 2019<\/li><li><a href=\"https:\/\/waynabox.com\/blog\/pt-pt\/2019\/11\/21\/black-week-2019-tips-para-aproveitar-as-melhores-ofertas\/\">Black Week 2019: Tips para aproveitar as melhores ofertas<\/a> - 21 Novembro 2019<\/li><li><a href=\"https:\/\/waynabox.com\/blog\/pt-pt\/2019\/02\/27\/porque-e-tao-bom-viajar-para-um-destino-surpresa\/\">Porqu\u00ea \u00e9 t\u00e3o bom viajar a um destino surpresa?<\/a> - 27 Fevereiro 2019<\/li><li><a href=\"https:\/\/waynabox.com\/blog\/pt-pt\/2017\/06\/26\/10-razoes-deves-visitar-madeira\/\">10 raz\u00f5es porque deves visitar a Madeira<\/a> - 26 Junho 2017<\/li><\/ul><\/div><div class=\"sp-wrap-cat\"><h3 class=\"sp-cat-name\"><a href=\"https:\/\/waynabox.com\/blog\/pt-pt\/waynapedia-pt\/\">Waynapedia<\/a><\/h3><ul class=\"sp-list-posts\"><li><a href=\"https:\/\/waynabox.com\/blog\/pt-pt\/2017\/01\/11\/destinos-waynabox-onde-podes-viajar\/\">Destinos Waynabox: para onde podes viajar?<\/a> - 11 Janeiro 2017<\/li><\/ul><\/div><\/div><\/div><\/div>\n","protected":false},"excerpt":{"rendered":"","protected":false},"author":23,"featured_media":0,"parent":0,"menu_order":0,"comment_status":"closed","ping_status":"closed","template":"","meta":{"_seopress_robots_primary_cat":"","_seopress_titles_title":"","_seopress_titles_desc":"","_seopress_robots_index":"","footnotes":""},"class_list":["post-90844","page","type-page","status-publish","hentry"],"_links":{"self":[{"href":"https:\/\/waynabox.com\/blog\/pt-pt\/wp-json\/wp\/v2\/pages\/90844","targetHints":{"allow":["GET"]}}],"collection":[{"href":"https:\/\/waynabox.com\/blog\/pt-pt\/wp-json\/wp\/v2\/pages"}],"about":[{"href":"https:\/\/waynabox.com\/blog\/pt-pt\/wp-json\/wp\/v2\/types\/page"}],"author":[{"embeddable":true,"href":"https:\/\/waynabox.com\/blog\/pt-pt\/wp-json\/wp\/v2\/users\/23"}],"replies":[{"embeddable":true,"href":"https:\/\/waynabox.com\/blog\/pt-pt\/wp-json\/wp\/v2\/comments?post=90844"}],"version-history":[{"count":1,"href":"https:\/\/waynabox.com\/blog\/pt-pt\/wp-json\/wp\/v2\/pages\/90844\/revisions"}],"predecessor-version":[{"id":90848,"href":"https:\/\/waynabox.com\/blog\/pt-pt\/wp-json\/wp\/v2\/pages\/90844\/revisions\/90848"}],"wp:attachment":[{"href":"https:\/\/waynabox.com\/blog\/pt-pt\/wp-json\/wp\/v2\/media?parent=90844"}],"curies":[{"name":"wp","href":"https:\/\/api.w.org\/{rel}","templated":true}]}}